{"id":6412,"date":"2026-04-09T00:57:20","date_gmt":"2026-04-09T00:57:20","guid":{"rendered":"https:\/\/www.sungda.com\/vi\/page\/contact-us-vi"},"modified":"2026-04-09T00:57:20","modified_gmt":"2026-04-09T00:57:20","slug":"contact-us-vi","status":"publish","type":"page","link":"https:\/\/www.sungda.com\/vi\/index.php\/contact-us-vi\/","title":{"rendered":"Li\u00ean h\u1ec7 v\u1edbi ch\u00fang t\u00f4i"},"content":{"rendered":"\n<div class=\"wp-block-columns is-layout-flex wp-container-core-columns-is-layout-9d6595d7 wp-block-columns-is-layout-flex\">\n<div class=\"wp-block-column is-layout-flow wp-block-column-is-layout-flow\">\n<figure class=\"wp-block-gallery columns-1 is-cropped wp-block-gallery-1 is-layout-flex wp-block-gallery-is-layout-flex\"><ul class=\"blocks-gallery-grid\"><li class=\"blocks-gallery-item\"><figure><img loading=\"lazy\" decoding=\"async\" width=\"1024\" height=\"395\" src=\"https:\/\/www.sungda.com\/wp-content\/uploads\/2020\/05\/6092430c024dc-1024x395.jpg\" alt=\"\" data-id=\"1946\" class=\"wp-image-1946\" srcset=\"https:\/\/www.sungda.com\/wp-content\/uploads\/2020\/05\/6092430c024dc-1024x395.jpg 1024w, https:\/\/www.sungda.com\/wp-content\/uploads\/2020\/05\/6092430c024dc-768x297.jpg 768w, https:\/\/www.sungda.com\/wp-content\/uploads\/2020\/05\/6092430c024dc.jpg 1028w\" sizes=\"auto, (max-width: 1024px) 100vw, 1024px\" \/><\/figure><\/li><\/ul><\/figure>\n<\/div>\n<\/div>\n\n\n\n<p><\/p>\n\n\n\n<p><\/p>\n\n\n\n<figure class=\"wp-block-image size-large\"><img loading=\"lazy\" decoding=\"async\" width=\"162\" height=\"36\" src=\"https:\/\/www.sungda.com\/wp-content\/uploads\/2021\/11\/4704_logo.jpg\" alt=\"\" class=\"wp-image-2385\"\/><\/figure>\n\n\n\n<p class=\"has-normal-font-size\"><span style=\"font-family: arial, helvetica, sans-serif;\"><strong><b>\u0110\u1ecba ch\u1ec9: Khu Ph\u00e1t tri\u1ec3n Kinh t\u1ebf Dawang, Huy\u1ec7n Qu\u1ea3ng Nhi\u00eau, T\u1ec9nh S\u01a1n \u0110\u00f4ng<\/b><\/strong><\/span><\/p>\n\n\n\n<p class=\"has-normal-font-size\"><span style=\"font-family: arial, helvetica, sans-serif;\"><strong><b>M\u00e3 b\u01b0u \u0111i\u1ec7n: 071000&nbsp;<\/b><\/strong><\/span><\/p>\n\n\n\n<p class=\"has-vivid-cyan-blue-color has-text-color has-normal-font-size\"><span style=\"font-family: arial, helvetica, sans-serif;\"><strong><b><span class=\"has-inline-color has-black-color\">\u0110\u1ecba ch\u1ec9 th\u01b0:<\/span>&nbsp;<\/b><\/strong><\/span><strong><a rel=\"noreferrer noopener\" href=\"mailto:info@sungdagroup.com\" target=\"_blank\">info@sungdagroup.com<\/a><\/strong><\/p>\n\n\n\n<p class=\"has-vivid-cyan-blue-color has-text-color\"><strong><span class=\"has-inline-color has-black-color\">Website:<\/span><\/strong><a href=\"https:\/\/www.sungda.com\/\" data-type=\"URL\" data-id=\"https:\/\/www.sungda.com\/\" target=\"_blank\" rel=\"noreferrer noopener\"><strong>www.sungda.com<\/strong><\/a><\/p>\n\n\n\n<p class=\"has-normal-font-size\"><span style=\"font-family: arial, helvetica, sans-serif;\"><strong><b>\u0110i\u1ec7n tho\u1ea1i: +86-312-5308005<\/b><\/strong><\/span>\/<strong>5308006<\/strong>\/<strong>5308007<\/strong><\/p>\n\n\n\n<p class=\"has-normal-font-size\"><span style=\"font-family: arial, helvetica, sans-serif;\"><strong><b>Fax: +86-312-5936800<\/b><\/strong><\/span><\/p>\n\n\n\n<p><\/p>\n\n\n\n<p class=\"has-normal-font-size\"><strong>Nh\u00e0 m\u00e1y chi nh\u00e1nh s\u1ea3n xu\u1ea5t linh ki\u1ec7n (Con l\u0103n\/Gi\u00e1 \u0111\u1ee1\/Puli\/B\u1ed9 l\u00e0m s\u1ea1ch\/\u0110\u1ed9ng c\u01a1\/H\u1ed9p s\u1ed1)<\/strong><\/p>\n\n\n\n<p><strong>C\u00f4ng ty TNHH M\u00e1y m\u00f3c B\u1ea3o \u0110\u1ecbnh Zhuoli<\/strong><\/p>\n\n\n\n<p class=\"has-vivid-cyan-blue-color has-text-color\"><strong><span class=\"has-inline-color has-black-color\">Th\u01b0 li\u00ean h\u1ec7:<\/span><\/strong>&nbsp;<a rel=\"noreferrer noopener\" href=\"mailto:info@conveyoroller.com\" target=\"_blank\"><strong>info@conveyoroller.com<\/strong><\/a><\/p>\n\n\n\n<p class=\"has-vivid-cyan-blue-color has-text-color\"><strong><span class=\"has-inline-color has-black-color\">Website:<\/span><\/strong>&nbsp;<a rel=\"noreferrer noopener\" href=\"https:\/\/www.conveyoroller.com\/\" target=\"_blank\"><strong>www.conveyoroller.com<\/strong><\/a><\/p>\n\n\n\n<p><strong>\u0110i\u1ec7n tho\u1ea1i: +86-312-5926968\/6969\/6930<\/strong><\/p>\n\n\n\n<p><strong>Fax: +86-312-5936896<\/strong><\/p>\n\n\n\n<p><\/p>\n\n\n\n<p><strong>C\u00f4ng ty chi nh\u00e1nh v\u1ec1 H\u1eadu c\u1ea7n v\u00e0 Chuy\u1ec3n ti\u1ec1n<\/strong><\/p>\n\n\n\n<p><strong>C\u00f4ng ty TNHH Th\u01b0\u01a1ng m\u1ea1i Qu\u1ed1c t\u1ebf Tianjin Surehigher<\/strong><\/p>\n\n\n\n<p><strong>Chi nh\u00e1nh C\u1ea3ng Th\u01b0\u1ee3ng H\u1ea3i:&nbsp;<\/strong><a rel=\"noreferrer noopener\" href=\"mailto:%20surehigher.sh@sungdagroup.com\" target=\"_blank\"><strong><span class=\"has-inline-color has-vivid-cyan-blue-color\">surehigher.sh@sungdagroup.com<\/span><\/strong><\/a><\/p>\n\n\n\n<p><strong>Chi nh\u00e1nh C\u1ea3ng Thi\u00ean T\u00e2n:<\/strong>&nbsp;<a rel=\"noreferrer noopener\" href=\"mailto:surehigher.tj@sungdagroup.com\" target=\"_blank\"><strong><span class=\"has-inline-color has-vivid-cyan-blue-color\">surehigher.tj@sungdagroup.com<\/span><\/strong><\/a><\/p>\n\n\n\n<div class=\"wp-block-image\"><figure class=\"aligncenter\"><img loading=\"lazy\" decoding=\"async\" width=\"1024\" height=\"147\" src=\"https:\/\/www.sungda.com\/wp-content\/uploads\/2020\/07\/SUNGDA-CUSTOMERS-1024x147.jpg\" alt=\"\" class=\"wp-image-1266\" srcset=\"https:\/\/www.sungda.com\/wp-content\/uploads\/2020\/07\/SUNGDA-CUSTOMERS-1024x147.jpg 1024w, https:\/\/www.sungda.com\/wp-content\/uploads\/2020\/07\/SUNGDA-CUSTOMERS-768x110.jpg 768w, https:\/\/www.sungda.com\/wp-content\/uploads\/2020\/07\/SUNGDA-CUSTOMERS.jpg 300w\" sizes=\"auto, (max-width: 1024px) 100vw, 1024px\" \/><\/figure><\/div>\n\n\n\n<p><\/p>\n","protected":false},"excerpt":{"rendered":"<p>\u0110\u1ecba ch\u1ec9: Khu Ph\u00e1t tri\u1ec3n Kinh t\u1ebf Dawang, Huy\u1ec7n Qu\u1ea3ng Nhi\u00eau, T\u1ec9nh S\u01a1n \u0110\u00f4ng M\u00e3 b\u01b0u \u0111i\u1ec7n: 071000&nbsp; \u0110\u1ecba ch\u1ec9 th\u01b0:&nbsp;info@sungdagroup.com Website:www.sungda.com \u0110i\u1ec7n tho\u1ea1i: +86-312-5308005\/5308006\/5308007 Fax: +86-312-5936800 Nh\u00e0 m\u00e1y chi nh\u00e1nh s\u1ea3n xu\u1ea5t linh ki\u1ec7n (Con l\u0103n\/Gi\u00e1 \u0111\u1ee1\/Puli\/B\u1ed9 l\u00e0m s\u1ea1ch\/\u0110\u1ed9ng c\u01a1\/H\u1ed9p s\u1ed1) C\u00f4ng ty TNHH M\u00e1y m\u00f3c B\u1ea3o \u0110\u1ecbnh Zhuoli Th\u01b0 li\u00ean h\u1ec7:&nbsp;info@conveyoroller.com Website:&nbsp;www.conveyoroller.com \u0110i\u1ec7n [&hellip;]<\/p>\n","protected":false},"author":1,"featured_media":0,"parent":0,"menu_order":0,"comment_status":"closed","ping_status":"open","template":"template_contact.php","meta":{"footnotes":""},"class_list":["post-6412","page","type-page","status-publish","hentry"],"_links":{"self":[{"href":"https:\/\/www.sungda.com\/vi\/index.php\/wp-json\/wp\/v2\/pages\/6412","targetHints":{"allow":["GET"]}}],"collection":[{"href":"https:\/\/www.sungda.com\/vi\/index.php\/wp-json\/wp\/v2\/pages"}],"about":[{"href":"https:\/\/www.sungda.com\/vi\/index.php\/wp-json\/wp\/v2\/types\/page"}],"author":[{"embeddable":true,"href":"https:\/\/www.sungda.com\/vi\/index.php\/wp-json\/wp\/v2\/users\/1"}],"replies":[{"embeddable":true,"href":"https:\/\/www.sungda.com\/vi\/index.php\/wp-json\/wp\/v2\/comments?post=6412"}],"version-history":[{"count":0,"href":"https:\/\/www.sungda.com\/vi\/index.php\/wp-json\/wp\/v2\/pages\/6412\/revisions"}],"wp:attachment":[{"href":"https:\/\/www.sungda.com\/vi\/index.php\/wp-json\/wp\/v2\/media?parent=6412"}],"curies":[{"name":"wp","href":"https:\/\/api.w.org\/{rel}","templated":true}]}}