{"id":6403,"date":"2026-04-09T00:57:20","date_gmt":"2026-04-09T00:57:20","guid":{"rendered":"https:\/\/www.sungda.com\/vi\/page\/about-sungda-vi"},"modified":"2026-04-09T00:57:20","modified_gmt":"2026-04-09T00:57:20","slug":"about-sungda-vi","status":"publish","type":"page","link":"https:\/\/www.sungda.com\/vi\/index.php\/about-sungda-vi\/","title":{"rendered":"V\u1ec1 Sungda"},"content":{"rendered":"<p>C\u00f4ng ty TNHH B\u0103ng t\u1ea3i Sungda \u0111\u01b0\u1ee3c th\u00e0nh l\u1eadp n\u0103m 1981 v\u00e0 l\u00e0 nh\u00e0 s\u1ea3n xu\u1ea5t b\u0103ng t\u1ea3i cao su h\u00e0ng \u0111\u1ea7u t\u1ea1i Trung Qu\u1ed1c, chuy\u00ean s\u1ea3n xu\u1ea5t \u0111a d\u1ea1ng c\u00e1c lo\u1ea1i b\u0103ng t\u1ea3i nh\u01b0 b\u0103ng t\u1ea3i EP, b\u0103ng t\u1ea3i ch\u1ecbu d\u1ea7u, b\u0103ng t\u1ea3i c\u00e1p th\u00e9p, b\u0103ng t\u1ea3i ch\u1ecbu nhi\u1ec7t v\u00e0 b\u0103ng t\u1ea3i ch\u1ed1ng m\u00e0i m\u00f2n, c\u00f9ng t\u1ea5t c\u1ea3 c\u00e1c d\u00f2ng b\u0103ng t\u1ea3i khai th\u00e1c m\u1ecf. Sungda \u0111\u00e3 \u0111\u1ea1t \u0111\u01b0\u1ee3c c\u00e1c ch\u1ee9ng ch\u1ec9 ch\u1ea5t l\u01b0\u1ee3ng qu\u1ed1c t\u1ebf nh\u01b0 ISO9001 v\u00e0 SGS, tr\u1edf th\u00e0nh nh\u00e0 cung c\u1ea5p th\u01b0\u1eddng xuy\u00ean cho c\u00e1c c\u00f4ng ty n\u1ed5i ti\u1ebfng nh\u01b0 BHP Billiton, Vale c\u1ee7a Brazil v\u00e0 Southern Copper, v.v.<\/p>\n<p>Sungda \u0111\u00e3 \u0111\u1ea1t \u0111\u01b0\u1ee3c c\u00e1c ch\u1ee9ng ch\u1ec9 ch\u1ea5t l\u01b0\u1ee3ng qu\u1ed1c t\u1ebf nh\u01b0 ISO9001 v\u00e0 SGS, tr\u1edf th\u00e0nh nh\u00e0 cung c\u1ea5p th\u01b0\u1eddng xuy\u00ean cho c\u00e1c c\u00f4ng ty n\u1ed5i ti\u1ebfng nh\u01b0 BHP Billiton, Vale c\u1ee7a Brazil v\u00e0 Southern Copper, v.v.<\/p>\n<div id=\"attachment_284\" style=\"width: 310px\" class=\"wp-caption aligncenter\"><a href=\"http:\/\/www.sungda.com\/wp-content\/uploads\/2014\/04\/IMGL33591.jpg\"><img loading=\"lazy\" decoding=\"async\" aria-describedby=\"caption-attachment-284\" class=\"size-full wp-image-284\" src=\"http:\/\/www.sungda.com\/wp-content\/uploads\/2014\/04\/IMGL33591.jpg\" alt=\"B\u0103ng t\u1ea3i cao su\" width=\"300\" height=\"162\" \/><\/a><p id=\"caption-attachment-284\" class=\"wp-caption-text\">B\u0103ng t\u1ea3i khai th\u00e1c m\u1ecf b\u1eb1ng cao su<\/p><\/div>\n","protected":false},"excerpt":{"rendered":"<p>C\u00f4ng ty TNHH B\u0103ng t\u1ea3i Sungda \u0111\u01b0\u1ee3c th\u00e0nh l\u1eadp n\u0103m 1981 v\u00e0 l\u00e0 nh\u00e0 s\u1ea3n xu\u1ea5t b\u0103ng t\u1ea3i cao su h\u00e0ng \u0111\u1ea7u t\u1ea1i Trung Qu\u1ed1c, chuy\u00ean s\u1ea3n xu\u1ea5t \u0111a d\u1ea1ng c\u00e1c lo\u1ea1i b\u0103ng t\u1ea3i nh\u01b0 b\u0103ng t\u1ea3i EP, b\u0103ng t\u1ea3i ch\u1ecbu d\u1ea7u, b\u0103ng t\u1ea3i c\u00e1p th\u00e9p, b\u0103ng t\u1ea3i ch\u1ecbu nhi\u1ec7t v\u00e0 b\u0103ng t\u1ea3i ch\u1ed1ng m\u00e0i [&hellip;]<\/p>\n","protected":false},"author":1,"featured_media":0,"parent":0,"menu_order":0,"comment_status":"open","ping_status":"open","template":"","meta":{"footnotes":""},"class_list":["post-6403","page","type-page","status-publish","hentry"],"_links":{"self":[{"href":"https:\/\/www.sungda.com\/vi\/index.php\/wp-json\/wp\/v2\/pages\/6403","targetHints":{"allow":["GET"]}}],"collection":[{"href":"https:\/\/www.sungda.com\/vi\/index.php\/wp-json\/wp\/v2\/pages"}],"about":[{"href":"https:\/\/www.sungda.com\/vi\/index.php\/wp-json\/wp\/v2\/types\/page"}],"author":[{"embeddable":true,"href":"https:\/\/www.sungda.com\/vi\/index.php\/wp-json\/wp\/v2\/users\/1"}],"replies":[{"embeddable":true,"href":"https:\/\/www.sungda.com\/vi\/index.php\/wp-json\/wp\/v2\/comments?post=6403"}],"version-history":[{"count":0,"href":"https:\/\/www.sungda.com\/vi\/index.php\/wp-json\/wp\/v2\/pages\/6403\/revisions"}],"wp:attachment":[{"href":"https:\/\/www.sungda.com\/vi\/index.php\/wp-json\/wp\/v2\/media?parent=6403"}],"curies":[{"name":"wp","href":"https:\/\/api.w.org\/{rel}","templated":true}]}}