{"id":6411,"date":"2026-04-09T00:57:20","date_gmt":"2026-04-09T00:57:20","guid":{"rendered":"https:\/\/www.sungda.com\/tr\/page\/contact-us-tr"},"modified":"2026-04-09T00:57:20","modified_gmt":"2026-04-09T00:57:20","slug":"contact-us-tr","status":"publish","type":"page","link":"https:\/\/www.sungda.com\/tr\/index.php\/contact-us-tr\/","title":{"rendered":"Bize ula\u015f\u0131n"},"content":{"rendered":"\n<div class=\"wp-block-columns is-layout-flex wp-container-core-columns-is-layout-9d6595d7 wp-block-columns-is-layout-flex\">\n<div class=\"wp-block-column is-layout-flow wp-block-column-is-layout-flow\">\n<figure class=\"wp-block-gallery columns-1 is-cropped wp-block-gallery-1 is-layout-flex wp-block-gallery-is-layout-flex\"><ul class=\"blocks-gallery-grid\"><li class=\"blocks-gallery-item\"><figure><img loading=\"lazy\" decoding=\"async\" width=\"1024\" height=\"395\" src=\"https:\/\/www.sungda.com\/wp-content\/uploads\/2020\/05\/6092430c024dc-1024x395.jpg\" alt=\"\" data-id=\"1946\" class=\"wp-image-1946\" srcset=\"https:\/\/www.sungda.com\/wp-content\/uploads\/2020\/05\/6092430c024dc-1024x395.jpg 1024w, https:\/\/www.sungda.com\/wp-content\/uploads\/2020\/05\/6092430c024dc-768x297.jpg 768w, https:\/\/www.sungda.com\/wp-content\/uploads\/2020\/05\/6092430c024dc.jpg 1028w\" sizes=\"auto, (max-width: 1024px) 100vw, 1024px\" \/><\/figure><\/li><\/ul><\/figure>\n<\/div>\n<\/div>\n\n\n\n<p><\/p>\n\n\n\n<p><\/p>\n\n\n\n<figure class=\"wp-block-image size-large\"><img loading=\"lazy\" decoding=\"async\" width=\"162\" height=\"36\" src=\"https:\/\/www.sungda.com\/wp-content\/uploads\/2021\/11\/4704_logo.jpg\" alt=\"\" class=\"wp-image-2385\"\/><\/figure>\n\n\n\n<p class=\"has-normal-font-size\"><span style=\"font-family: arial, helvetica, sans-serif;\"><strong><b>Adres: Shandong Eyaleti, Guangrao \u0130l\u00e7esi, Dawang Ekonomik Kalk\u0131nma B\u00f6lgesi<\/b><\/strong><\/span><\/p>\n\n\n\n<p class=\"has-normal-font-size\"><span style=\"font-family: arial, helvetica, sans-serif;\"><strong><b>Posta kodu: 071000&nbsp;<\/b><\/strong><\/span><\/p>\n\n\n\n<p class=\"has-vivid-cyan-blue-color has-text-color has-normal-font-size\"><span style=\"font-family: arial, helvetica, sans-serif;\"><strong><b><span class=\"has-inline-color has-black-color\">E-posta adresi:<\/span>&nbsp;<\/b><\/strong><\/span><strong><a rel=\"noreferrer noopener\" href=\"mailto:info@sungdagroup.com\" target=\"_blank\">info@sungdagroup.com<\/a><\/strong><\/p>\n\n\n\n<p class=\"has-vivid-cyan-blue-color has-text-color\"><strong><span class=\"has-inline-color has-black-color\">Web sitesi:<\/span><\/strong><a href=\"https:\/\/www.sungda.com\/\" data-type=\"URL\" data-id=\"https:\/\/www.sungda.com\/\" target=\"_blank\" rel=\"noreferrer noopener\"><strong>www.sungda.com<\/strong><\/a><\/p>\n\n\n\n<p class=\"has-normal-font-size\"><span style=\"font-family: arial, helvetica, sans-serif;\"><strong><b>Tel: +86-312-5308005<\/b><\/strong><\/span>\/<strong>5308006<\/strong>\/<strong>5308007<\/strong><\/p>\n\n\n\n<p class=\"has-normal-font-size\"><span style=\"font-family: arial, helvetica, sans-serif;\"><strong><b>Faks: +86-312-5936800<\/b><\/strong><\/span><\/p>\n\n\n\n<p><\/p>\n\n\n\n<p class=\"has-normal-font-size\"><strong>Komponent \u015eubesi (Rulo\/Ta\u015f\u0131y\u0131c\u0131\/Kasnak\/Temizleyici\/Motor\/Di\u015fli Kutusu)<\/strong><\/p>\n\n\n\n<p><strong>Baoding Zhuoli Machinery Co.,Ltd.<\/strong><\/p>\n\n\n\n<p class=\"has-vivid-cyan-blue-color has-text-color\"><strong><span class=\"has-inline-color has-black-color\">Sorgu i\u00e7in e-posta:<\/span><\/strong>&nbsp;<a rel=\"noreferrer noopener\" href=\"mailto:info@conveyoroller.com\" target=\"_blank\"><strong>info@conveyoroller.com<\/strong><\/a><\/p>\n\n\n\n<p class=\"has-vivid-cyan-blue-color has-text-color\"><strong><span class=\"has-inline-color has-black-color\">Web sitesi:<\/span><\/strong>&nbsp;<a rel=\"noreferrer noopener\" href=\"https:\/\/www.conveyoroller.com\/\" target=\"_blank\"><strong>www.conveyoroller.com<\/strong><\/a><\/p>\n\n\n\n<p><strong>Tel: +86-312-5926968\/6969\/6930<\/strong><\/p>\n\n\n\n<p><strong>Faks: +86-312-5936896<\/strong><\/p>\n\n\n\n<p><\/p>\n\n\n\n<p><strong>Lojistik ve Havale \u015eubesi<\/strong><\/p>\n\n\n\n<p><strong>Tianjin Surehigher International Trade Co., Ltd<\/strong><\/p>\n\n\n\n<p><strong>\u015eanghay Liman \u015eubesi:&nbsp;<\/strong><a rel=\"noreferrer noopener\" href=\"mailto:%20surehigher.sh@sungdagroup.com\" target=\"_blank\"><strong><span class=\"has-inline-color has-vivid-cyan-blue-color\">surehigher.sh@sungdagroup.com<\/span><\/strong><\/a><\/p>\n\n\n\n<p><strong>Tianjin Liman \u015eubesi:<\/strong>&nbsp;<a rel=\"noreferrer noopener\" href=\"mailto:surehigher.tj@sungdagroup.com\" target=\"_blank\"><strong><span class=\"has-inline-color has-vivid-cyan-blue-color\">surehigher.tj@sungdagroup.com<\/span><\/strong><\/a><\/p>\n\n\n\n<div class=\"wp-block-image\"><figure class=\"aligncenter\"><img loading=\"lazy\" decoding=\"async\" width=\"1024\" height=\"147\" src=\"https:\/\/www.sungda.com\/wp-content\/uploads\/2020\/07\/SUNGDA-CUSTOMERS-1024x147.jpg\" alt=\"\" class=\"wp-image-1266\" srcset=\"https:\/\/www.sungda.com\/wp-content\/uploads\/2020\/07\/SUNGDA-CUSTOMERS-1024x147.jpg 1024w, https:\/\/www.sungda.com\/wp-content\/uploads\/2020\/07\/SUNGDA-CUSTOMERS-768x110.jpg 768w, https:\/\/www.sungda.com\/wp-content\/uploads\/2020\/07\/SUNGDA-CUSTOMERS.jpg 300w\" sizes=\"auto, (max-width: 1024px) 100vw, 1024px\" \/><\/figure><\/div>\n\n\n\n<p><\/p>\n","protected":false},"excerpt":{"rendered":"<p>Adres: Shandong Eyaleti, Guangrao \u0130l\u00e7esi, Dawang Ekonomik Kalk\u0131nma B\u00f6lgesi Posta kodu: 071000&nbsp; E-posta adresi:&nbsp;info@sungdagroup.com Web sitesi:www.sungda.com Tel: +86-312-5308005\/5308006\/5308007 Faks: +86-312-5936800 Komponent \u015eubesi (Rulo\/Ta\u015f\u0131y\u0131c\u0131\/Kasnak\/Temizleyici\/Motor\/Di\u015fli Kutusu) Baoding Zhuoli Machinery Co.,Ltd. Sorgu i\u00e7in e-posta:&nbsp;info@conveyoroller.com Web sitesi:&nbsp;www.conveyoroller.com Tel: +86-312-5926968\/6969\/6930 Faks: +86-312-5936896 Lojistik ve Havale \u015eubesi Tianjin Surehigher International Trade Co., Ltd \u015eanghay Liman \u015eubesi:&nbsp;surehigher.sh@sungdagroup.com Tianjin Liman \u015eubesi:&nbsp;surehigher.tj@sungdagroup.com<\/p>\n","protected":false},"author":1,"featured_media":0,"parent":0,"menu_order":0,"comment_status":"closed","ping_status":"open","template":"template_contact.php","meta":{"footnotes":""},"class_list":["post-6411","page","type-page","status-publish","hentry"],"_links":{"self":[{"href":"https:\/\/www.sungda.com\/tr\/index.php\/wp-json\/wp\/v2\/pages\/6411","targetHints":{"allow":["GET"]}}],"collection":[{"href":"https:\/\/www.sungda.com\/tr\/index.php\/wp-json\/wp\/v2\/pages"}],"about":[{"href":"https:\/\/www.sungda.com\/tr\/index.php\/wp-json\/wp\/v2\/types\/page"}],"author":[{"embeddable":true,"href":"https:\/\/www.sungda.com\/tr\/index.php\/wp-json\/wp\/v2\/users\/1"}],"replies":[{"embeddable":true,"href":"https:\/\/www.sungda.com\/tr\/index.php\/wp-json\/wp\/v2\/comments?post=6411"}],"version-history":[{"count":0,"href":"https:\/\/www.sungda.com\/tr\/index.php\/wp-json\/wp\/v2\/pages\/6411\/revisions"}],"wp:attachment":[{"href":"https:\/\/www.sungda.com\/tr\/index.php\/wp-json\/wp\/v2\/media?parent=6411"}],"curies":[{"name":"wp","href":"https:\/\/api.w.org\/{rel}","templated":true}]}}