{"id":6402,"date":"2026-04-09T00:57:20","date_gmt":"2026-04-09T00:57:20","guid":{"rendered":"https:\/\/www.sungda.com\/tr\/page\/about-sungda-tr"},"modified":"2026-04-09T00:57:20","modified_gmt":"2026-04-09T00:57:20","slug":"about-sungda-tr","status":"publish","type":"page","link":"https:\/\/www.sungda.com\/tr\/index.php\/about-sungda-tr\/","title":{"rendered":"Sungda Hakk\u0131nda"},"content":{"rendered":"<p>Sungda konvey\u00f6r bant \u015eirketi Ltd. 1981 y\u0131l\u0131nda kurulmu\u015f olup, \u00c7in&#8217;in \u00f6nde gelen kau\u00e7uk konvey\u00f6r bant \u00fcreticilerinden biridir. EP konvey\u00f6r bant, ya\u011fa dayan\u0131kl\u0131 konvey\u00f6r bant, \u00e7elik kordlu konvey\u00f6r bantlar, \u0131s\u0131ya dayan\u0131kl\u0131 konvey\u00f6r bant ve a\u015f\u0131nmaya dayan\u0131kl\u0131 konvey\u00f6r bantlar gibi her t\u00fcrl\u00fc maden konvey\u00f6r bant serisini \u00fcretmekte uzmanla\u015fm\u0131\u015ft\u0131r. Sungda, ISO9001 ve SGS gibi uluslararas\u0131 kalite sertifikalar\u0131na sahiptir ve BHP Billiton, Brezilya&#8217;n\u0131n Vale&#8217;si ve Southern Copper gibi tan\u0131nm\u0131\u015f \u015firketlerin d\u00fczenli tedarik\u00e7isi haline gelmi\u015ftir.<\/p>\n<p>Sungda, ISO9001 ve SGS gibi uluslararas\u0131 kalite sertifikalar\u0131na sahiptir ve BHP Billiton, Brezilya&#8217;n\u0131n Vale&#8217;si ve Southern Copper gibi tan\u0131nm\u0131\u015f \u015firketlerin d\u00fczenli tedarik\u00e7isi haline gelmi\u015ftir.<\/p>\n<div id=\"attachment_284\" style=\"width: 310px\" class=\"wp-caption aligncenter\"><a href=\"http:\/\/www.sungda.com\/wp-content\/uploads\/2014\/04\/IMGL33591.jpg\"><img loading=\"lazy\" decoding=\"async\" aria-describedby=\"caption-attachment-284\" class=\"size-full wp-image-284\" src=\"http:\/\/www.sungda.com\/wp-content\/uploads\/2014\/04\/IMGL33591.jpg\" alt=\"Kau\u00e7uk konvey\u00f6r bant\" width=\"300\" height=\"162\" \/><\/a><p id=\"caption-attachment-284\" class=\"wp-caption-text\">Kau\u00e7uk maden konvey\u00f6r band\u0131<\/p><\/div>\n","protected":false},"excerpt":{"rendered":"<p>Sungda konvey\u00f6r bant \u015eirketi Ltd. 1981 y\u0131l\u0131nda kurulmu\u015f olup, \u00c7in&#8217;in \u00f6nde gelen kau\u00e7uk konvey\u00f6r bant \u00fcreticilerinden biridir. EP konvey\u00f6r bant, ya\u011fa dayan\u0131kl\u0131 konvey\u00f6r bant, \u00e7elik kordlu konvey\u00f6r bantlar, \u0131s\u0131ya dayan\u0131kl\u0131 konvey\u00f6r bant ve a\u015f\u0131nmaya dayan\u0131kl\u0131 konvey\u00f6r bantlar gibi her t\u00fcrl\u00fc maden konvey\u00f6r bant serisini \u00fcretmekte uzmanla\u015fm\u0131\u015ft\u0131r. Sungda, ISO9001 ve SGS gibi uluslararas\u0131 kalite sertifikalar\u0131na sahiptir [&hellip;]<\/p>\n","protected":false},"author":1,"featured_media":0,"parent":0,"menu_order":0,"comment_status":"open","ping_status":"open","template":"","meta":{"footnotes":""},"class_list":["post-6402","page","type-page","status-publish","hentry"],"_links":{"self":[{"href":"https:\/\/www.sungda.com\/tr\/index.php\/wp-json\/wp\/v2\/pages\/6402","targetHints":{"allow":["GET"]}}],"collection":[{"href":"https:\/\/www.sungda.com\/tr\/index.php\/wp-json\/wp\/v2\/pages"}],"about":[{"href":"https:\/\/www.sungda.com\/tr\/index.php\/wp-json\/wp\/v2\/types\/page"}],"author":[{"embeddable":true,"href":"https:\/\/www.sungda.com\/tr\/index.php\/wp-json\/wp\/v2\/users\/1"}],"replies":[{"embeddable":true,"href":"https:\/\/www.sungda.com\/tr\/index.php\/wp-json\/wp\/v2\/comments?post=6402"}],"version-history":[{"count":0,"href":"https:\/\/www.sungda.com\/tr\/index.php\/wp-json\/wp\/v2\/pages\/6402\/revisions"}],"wp:attachment":[{"href":"https:\/\/www.sungda.com\/tr\/index.php\/wp-json\/wp\/v2\/media?parent=6402"}],"curies":[{"name":"wp","href":"https:\/\/api.w.org\/{rel}","templated":true}]}}