{"id":6396,"date":"2026-04-09T00:57:20","date_gmt":"2026-04-09T00:57:20","guid":{"rendered":"https:\/\/www.sungda.com\/fr\/page\/about-sungda-fr"},"modified":"2026-04-09T00:57:20","modified_gmt":"2026-04-09T00:57:20","slug":"about-sungda-fr","status":"publish","type":"page","link":"https:\/\/www.sungda.com\/fr\/index.php\/about-sungda-fr\/","title":{"rendered":"\u00c0 propos de Sungda"},"content":{"rendered":"<p>Sungda Conveyor Belt Co., Ltd. a \u00e9t\u00e9 fond\u00e9e en 1981 et est un fabricant leader de bandes transporteuses en caoutchouc en Chine, sp\u00e9cialis\u00e9 dans la production d&rsquo;une vari\u00e9t\u00e9 de bandes transporteuses telles que les bandes transporteuses EP, les bandes transporteuses r\u00e9sistantes \u00e0 l&rsquo;huile, les bandes transporteuses \u00e0 c\u00e2bles d&rsquo;acier, les bandes transporteuses r\u00e9sistantes \u00e0 la chaleur et les bandes transporteuses anti-abrasion, ainsi que toute la s\u00e9rie de bandes transporteuses mini\u00e8res. Sungda a obtenu des certifications qualit\u00e9 internationales telles qu&rsquo;ISO9001 et SGS, et est devenu un fournisseur r\u00e9gulier pour des entreprises renomm\u00e9es telles que BHP Billiton, Vale du Br\u00e9sil et Southern Copper, entre autres.<\/p>\n<p>Sungda a obtenu des certifications qualit\u00e9 internationales telles qu&rsquo;ISO9001 et SGS, et est devenu un fournisseur r\u00e9gulier pour des entreprises renomm\u00e9es telles que BHP Billiton, Vale du Br\u00e9sil et Southern Copper, entre autres.<\/p>\n<div id=\"attachment_284\" style=\"width: 310px\" class=\"wp-caption aligncenter\"><a href=\"http:\/\/www.sungda.com\/wp-content\/uploads\/2014\/04\/IMGL33591.jpg\"><img loading=\"lazy\" decoding=\"async\" aria-describedby=\"caption-attachment-284\" class=\"size-full wp-image-284\" src=\"http:\/\/www.sungda.com\/wp-content\/uploads\/2014\/04\/IMGL33591.jpg\" alt=\"Bande transporteuse en caoutchouc\" width=\"300\" height=\"162\" \/><\/a><p id=\"caption-attachment-284\" class=\"wp-caption-text\">Bande transporteuse mini\u00e8re en caoutchouc<\/p><\/div>\n","protected":false},"excerpt":{"rendered":"<p>Sungda Conveyor Belt Co., Ltd. a \u00e9t\u00e9 fond\u00e9e en 1981 et est un fabricant leader de bandes transporteuses en caoutchouc en Chine, sp\u00e9cialis\u00e9 dans la production d&rsquo;une vari\u00e9t\u00e9 de bandes transporteuses telles que les bandes transporteuses EP, les bandes transporteuses r\u00e9sistantes \u00e0 l&rsquo;huile, les bandes transporteuses \u00e0 c\u00e2bles d&rsquo;acier, les bandes transporteuses r\u00e9sistantes \u00e0 la [&hellip;]<\/p>\n","protected":false},"author":1,"featured_media":0,"parent":0,"menu_order":0,"comment_status":"open","ping_status":"open","template":"","meta":{"footnotes":""},"class_list":["post-6396","page","type-page","status-publish","hentry"],"_links":{"self":[{"href":"https:\/\/www.sungda.com\/fr\/index.php\/wp-json\/wp\/v2\/pages\/6396","targetHints":{"allow":["GET"]}}],"collection":[{"href":"https:\/\/www.sungda.com\/fr\/index.php\/wp-json\/wp\/v2\/pages"}],"about":[{"href":"https:\/\/www.sungda.com\/fr\/index.php\/wp-json\/wp\/v2\/types\/page"}],"author":[{"embeddable":true,"href":"https:\/\/www.sungda.com\/fr\/index.php\/wp-json\/wp\/v2\/users\/1"}],"replies":[{"embeddable":true,"href":"https:\/\/www.sungda.com\/fr\/index.php\/wp-json\/wp\/v2\/comments?post=6396"}],"version-history":[{"count":0,"href":"https:\/\/www.sungda.com\/fr\/index.php\/wp-json\/wp\/v2\/pages\/6396\/revisions"}],"wp:attachment":[{"href":"https:\/\/www.sungda.com\/fr\/index.php\/wp-json\/wp\/v2\/media?parent=6396"}],"curies":[{"name":"wp","href":"https:\/\/api.w.org\/{rel}","templated":true}]}}