{"id":6395,"date":"2026-04-09T00:57:20","date_gmt":"2026-04-09T00:57:20","guid":{"rendered":"https:\/\/www.sungda.com\/es\/page\/about-sungda-es"},"modified":"2026-04-09T00:57:20","modified_gmt":"2026-04-09T00:57:20","slug":"about-sungda-es","status":"publish","type":"page","link":"https:\/\/www.sungda.com\/es\/index.php\/about-sungda-es\/","title":{"rendered":"Acerca de Sungda"},"content":{"rendered":"<p>Sungda Conveyor Belt Co., Ltd. se estableci\u00f3 en 1981 y es un fabricante l\u00edder de bandas transportadoras de caucho en China, especializado en la producci\u00f3n de una variedad de bandas transportadoras como bandas transportadoras EP, bandas transportadoras resistentes al aceite, bandas transportadoras de cord\u00f3n de acero, bandas transportadoras resistentes al calor y bandas transportadoras resistentes a la abrasi\u00f3n, entre todas las series de bandas transportadoras para miner\u00eda. Sungda cuenta con certificaciones internacionales de calidad como ISO9001 y SGS, y se ha convertido en proveedor habitual de empresas reconocidas como BHP Billiton, Vale de Brasil y Southern Copper, entre otras.<\/p>\n<p>Sungda ha obtenido certificaciones internacionales de calidad como ISO9001 y SGS, y se ha convertido en proveedor habitual de empresas reconocidas como BHP Billiton, Vale de Brasil y Southern Copper, entre otras.<\/p>\n<div id=\"attachment_284\" style=\"width: 310px\" class=\"wp-caption aligncenter\"><a href=\"http:\/\/www.sungda.com\/wp-content\/uploads\/2014\/04\/IMGL33591.jpg\"><img loading=\"lazy\" decoding=\"async\" aria-describedby=\"caption-attachment-284\" class=\"size-full wp-image-284\" src=\"http:\/\/www.sungda.com\/wp-content\/uploads\/2014\/04\/IMGL33591.jpg\" alt=\"Banda transportadora de caucho\" width=\"300\" height=\"162\" \/><\/a><p id=\"caption-attachment-284\" class=\"wp-caption-text\">Banda transportadora de caucho para miner\u00eda<\/p><\/div>\n","protected":false},"excerpt":{"rendered":"<p>Sungda Conveyor Belt Co., Ltd. se estableci\u00f3 en 1981 y es un fabricante l\u00edder de bandas transportadoras de caucho en China, especializado en la producci\u00f3n de una variedad de bandas transportadoras como bandas transportadoras EP, bandas transportadoras resistentes al aceite, bandas transportadoras de cord\u00f3n de acero, bandas transportadoras resistentes al calor y bandas transportadoras resistentes [&hellip;]<\/p>\n","protected":false},"author":1,"featured_media":0,"parent":0,"menu_order":0,"comment_status":"open","ping_status":"open","template":"","meta":{"footnotes":""},"class_list":["post-6395","page","type-page","status-publish","hentry"],"_links":{"self":[{"href":"https:\/\/www.sungda.com\/es\/index.php\/wp-json\/wp\/v2\/pages\/6395","targetHints":{"allow":["GET"]}}],"collection":[{"href":"https:\/\/www.sungda.com\/es\/index.php\/wp-json\/wp\/v2\/pages"}],"about":[{"href":"https:\/\/www.sungda.com\/es\/index.php\/wp-json\/wp\/v2\/types\/page"}],"author":[{"embeddable":true,"href":"https:\/\/www.sungda.com\/es\/index.php\/wp-json\/wp\/v2\/users\/1"}],"replies":[{"embeddable":true,"href":"https:\/\/www.sungda.com\/es\/index.php\/wp-json\/wp\/v2\/comments?post=6395"}],"version-history":[{"count":0,"href":"https:\/\/www.sungda.com\/es\/index.php\/wp-json\/wp\/v2\/pages\/6395\/revisions"}],"wp:attachment":[{"href":"https:\/\/www.sungda.com\/es\/index.php\/wp-json\/wp\/v2\/media?parent=6395"}],"curies":[{"name":"wp","href":"https:\/\/api.w.org\/{rel}","templated":true}]}}